{"id":6833,"date":"2026-03-18T17:33:15","date_gmt":"2026-03-18T17:33:15","guid":{"rendered":"https:\/\/tiramol.com\/?post_type=product&#038;p=6833"},"modified":"2026-03-18T18:00:12","modified_gmt":"2026-03-18T18:00:12","slug":"t-diana","status":"publish","type":"product","link":"https:\/\/tiramol.com\/?product=t-diana","title":{"rendered":"T DIANA"},"content":{"rendered":"<p>Brand: TIRAMOL HR<br \/>\nArtikal: haljina<br \/>\nMaterijal: pli\u0161<br \/>\nDostupna veli\u010dina: univerzalna<\/p>\n<p>Model je visina 173cm iznosi veli\u010dinu univerzalna<\/p>\n","protected":false},"excerpt":{"rendered":"<p>Brand: TIRAMOL HR Artikal: haljina Materijal: pli\u0161 Dostupna veli\u010dina: univerzalna Model je visina 173cm iznosi veli\u010dinu univerzalna<\/p>\n","protected":false},"featured_media":6829,"template":"","meta":[],"product_brand":[],"product_cat":[26,85],"product_tag":[95,27,105,86],"class_list":{"0":"post-6833","1":"product","2":"type-product","3":"status-publish","4":"has-post-thumbnail","6":"product_cat-haljina","7":"product_cat-tiramol-hr","8":"product_tag-zadar","9":"product_tag-haljina","10":"product_tag-hrvatski-dizajn","11":"product_tag-tiramol-hr","13":"first","14":"instock","15":"taxable","16":"shipping-taxable","17":"purchasable","18":"product-type-simple"},"_links":{"self":[{"href":"https:\/\/tiramol.com\/index.php?rest_route=\/wp\/v2\/product\/6833","targetHints":{"allow":["GET"]}}],"collection":[{"href":"https:\/\/tiramol.com\/index.php?rest_route=\/wp\/v2\/product"}],"about":[{"href":"https:\/\/tiramol.com\/index.php?rest_route=\/wp\/v2\/types\/product"}],"wp:featuredmedia":[{"embeddable":true,"href":"https:\/\/tiramol.com\/index.php?rest_route=\/wp\/v2\/media\/6829"}],"wp:attachment":[{"href":"https:\/\/tiramol.com\/index.php?rest_route=%2Fwp%2Fv2%2Fmedia&parent=6833"}],"wp:term":[{"taxonomy":"product_brand","embeddable":true,"href":"https:\/\/tiramol.com\/index.php?rest_route=%2Fwp%2Fv2%2Fproduct_brand&post=6833"},{"taxonomy":"product_cat","embeddable":true,"href":"https:\/\/tiramol.com\/index.php?rest_route=%2Fwp%2Fv2%2Fproduct_cat&post=6833"},{"taxonomy":"product_tag","embeddable":true,"href":"https:\/\/tiramol.com\/index.php?rest_route=%2Fwp%2Fv2%2Fproduct_tag&post=6833"}],"curies":[{"name":"wp","href":"https:\/\/api.w.org\/{rel}","templated":true}]}}