{"id":6781,"date":"2026-03-14T10:18:28","date_gmt":"2026-03-14T10:18:28","guid":{"rendered":"https:\/\/tiramol.com\/?post_type=product&#038;p=6781"},"modified":"2026-03-14T10:45:29","modified_gmt":"2026-03-14T10:45:29","slug":"outfit-love","status":"publish","type":"product","link":"https:\/\/tiramol.com\/?product=outfit-love","title":{"rendered":"OUTFIT LOVE"},"content":{"rendered":"<p>Ovaj upe\u010datljiv outfit spaja klasi\u010dnu eleganciju s razigranim dizajnerskim detaljima. Crna ko\u0161ulja \u010distih linija dobiva potpuno novu dimenziju zahvaljuju\u0107i ru\u010dno apliciranim crvenim tekstilnim detaljima na le\u0111ima koji stvaraju sna\u017ean vizualni potpis.<br \/>\nSuknja u crvenoj boji kombinira dva uzorka \u2013 to\u010dkasti motiv i karirani panel \u2013 stvaraju\u0107i dinami\u010dan i moderan kontrast. Lepr\u0161avi kroj daje pokret i \u017eenstvenu siluetu, dok visoki struk nagla\u0161ava figuru.<br \/>\nIdealno za dnevne modne kombinacije ili ve\u010dernje izlaske kada \u017eelite ostaviti sna\u017ean modni dojam.<\/p>\n","protected":false},"excerpt":{"rendered":"<p>Ovaj upe\u010datljiv outfit spaja klasi\u010dnu eleganciju s razigranim dizajnerskim detaljima. Crna ko\u0161ulja \u010distih linija dobiva potpuno novu dimenziju zahvaljuju\u0107i ru\u010dno apliciranim crvenim tekstilnim detaljima na le\u0111ima koji stvaraju sna\u017ean vizualni potpis. Suknja u crvenoj boji kombinira dva uzorka \u2013 to\u010dkasti motiv i karirani panel \u2013 stvaraju\u0107i dinami\u010dan i moderan kontrast. Lepr\u0161avi kroj daje pokret i [&hellip;]<\/p>\n","protected":false},"featured_media":6784,"template":"","meta":[],"product_brand":[],"product_cat":[39,152,16,149,85],"product_tag":[],"class_list":{"0":"post-6781","1":"product","2":"type-product","3":"status-publish","4":"has-post-thumbnail","6":"product_cat-bitemystyle","7":"product_cat-bluza","8":"product_cat-kosulja","9":"product_cat-outfit","10":"product_cat-tiramol-hr","12":"first","13":"instock","14":"taxable","15":"shipping-taxable","16":"purchasable","17":"product-type-woosb"},"_links":{"self":[{"href":"https:\/\/tiramol.com\/index.php?rest_route=\/wp\/v2\/product\/6781","targetHints":{"allow":["GET"]}}],"collection":[{"href":"https:\/\/tiramol.com\/index.php?rest_route=\/wp\/v2\/product"}],"about":[{"href":"https:\/\/tiramol.com\/index.php?rest_route=\/wp\/v2\/types\/product"}],"wp:featuredmedia":[{"embeddable":true,"href":"https:\/\/tiramol.com\/index.php?rest_route=\/wp\/v2\/media\/6784"}],"wp:attachment":[{"href":"https:\/\/tiramol.com\/index.php?rest_route=%2Fwp%2Fv2%2Fmedia&parent=6781"}],"wp:term":[{"taxonomy":"product_brand","embeddable":true,"href":"https:\/\/tiramol.com\/index.php?rest_route=%2Fwp%2Fv2%2Fproduct_brand&post=6781"},{"taxonomy":"product_cat","embeddable":true,"href":"https:\/\/tiramol.com\/index.php?rest_route=%2Fwp%2Fv2%2Fproduct_cat&post=6781"},{"taxonomy":"product_tag","embeddable":true,"href":"https:\/\/tiramol.com\/index.php?rest_route=%2Fwp%2Fv2%2Fproduct_tag&post=6781"}],"curies":[{"name":"wp","href":"https:\/\/api.w.org\/{rel}","templated":true}]}}