{"id":6773,"date":"2026-03-14T10:06:02","date_gmt":"2026-03-14T10:06:02","guid":{"rendered":"https:\/\/tiramol.com\/?post_type=product&#038;p=6773"},"modified":"2026-03-14T10:06:02","modified_gmt":"2026-03-14T10:06:02","slug":"outfit-chick","status":"publish","type":"product","link":"https:\/\/tiramol.com\/?product=outfit-chick","title":{"rendered":"OUTFIT CHICK"},"content":{"rendered":"<p>Ovaj outfit spava \u017eenstvenu eleganciju i umjetni\u010dki karakter. Haljina u intenzivnoj fuksija nijansi nagla\u0161ava siluetu zahvaljuju\u0107i drapiranju u struku i dubokom V izrezu. Styling je nadopunjen upe\u010datljivom, unikatnom i umjetni\u010dki inspiriranom jaknom razli\u010dite teksture materijala. Detalji, kontrastni uzorci i nagla\u0161eni pojas daju jaki karakter statement komada koji cijeli outfit podi\u017ee na razinu modnog izraza. Ovaj outfit nosiv je i kao ve\u010dernji i kao dnevni kombo. <\/p>\n","protected":false},"excerpt":{"rendered":"<p>Ovaj outfit spava \u017eenstvenu eleganciju i umjetni\u010dki karakter. Haljina u intenzivnoj fuksija nijansi nagla\u0161ava siluetu zahvaljuju\u0107i drapiranju u struku i dubokom V izrezu. Styling je nadopunjen upe\u010datljivom, unikatnom i umjetni\u010dki inspiriranom jaknom razli\u010dite teksture materijala. Detalji, kontrastni uzorci i nagla\u0161eni pojas daju jaki karakter statement komada koji cijeli outfit podi\u017ee na razinu modnog izraza. Ovaj [&hellip;]<\/p>\n","protected":false},"featured_media":6746,"template":"","meta":[],"product_brand":[],"product_cat":[39,29,26,221,149],"product_tag":[105,159,17,86],"class_list":{"0":"post-6773","1":"product","2":"type-product","3":"status-publish","4":"has-post-thumbnail","6":"product_cat-bitemystyle","7":"product_cat-blazer","8":"product_cat-haljina","9":"product_cat-katarina-mamic","10":"product_cat-outfit","11":"product_tag-hrvatski-dizajn","12":"product_tag-outfit","13":"product_tag-tiramol","14":"product_tag-tiramol-hr","16":"first","17":"instock","18":"taxable","19":"shipping-taxable","20":"purchasable","21":"product-type-woosb"},"_links":{"self":[{"href":"https:\/\/tiramol.com\/index.php?rest_route=\/wp\/v2\/product\/6773","targetHints":{"allow":["GET"]}}],"collection":[{"href":"https:\/\/tiramol.com\/index.php?rest_route=\/wp\/v2\/product"}],"about":[{"href":"https:\/\/tiramol.com\/index.php?rest_route=\/wp\/v2\/types\/product"}],"wp:featuredmedia":[{"embeddable":true,"href":"https:\/\/tiramol.com\/index.php?rest_route=\/wp\/v2\/media\/6746"}],"wp:attachment":[{"href":"https:\/\/tiramol.com\/index.php?rest_route=%2Fwp%2Fv2%2Fmedia&parent=6773"}],"wp:term":[{"taxonomy":"product_brand","embeddable":true,"href":"https:\/\/tiramol.com\/index.php?rest_route=%2Fwp%2Fv2%2Fproduct_brand&post=6773"},{"taxonomy":"product_cat","embeddable":true,"href":"https:\/\/tiramol.com\/index.php?rest_route=%2Fwp%2Fv2%2Fproduct_cat&post=6773"},{"taxonomy":"product_tag","embeddable":true,"href":"https:\/\/tiramol.com\/index.php?rest_route=%2Fwp%2Fv2%2Fproduct_tag&post=6773"}],"curies":[{"name":"wp","href":"https:\/\/api.w.org\/{rel}","templated":true}]}}