{"id":6770,"date":"2026-03-14T09:52:50","date_gmt":"2026-03-14T09:52:50","guid":{"rendered":"https:\/\/tiramol.com\/?post_type=product&#038;p=6770"},"modified":"2026-03-14T11:01:08","modified_gmt":"2026-03-14T11:01:08","slug":"outfit-denim","status":"publish","type":"product","link":"https:\/\/tiramol.com\/?product=outfit-denim","title":{"rendered":"OUTFIT DENIM"},"content":{"rendered":"<p>Ovaj upe\u010datljiv outfit spaja strukturu, teksturu i urbani karakter u jedinstven modni izraz. Bijela ko\u0161ulja nagla\u0161enog ovratnika daje osnovu cijelom stylingu, Ru\u010dno dekorirana kravata s metalnim lancima i aplikacijama donosi sna\u017ean statement detalj. Jeans mini suknja s asimetri\u010dnim, volanima i patch detaljima nagla\u0161ava avangardni karakter kombinacije.<br \/>\nLook je dodatno upotpunjen strukturiranim jeans prslukom s voluminoznim ramenima i umjetni\u010dkim printom na le\u0111ima. Ovo je jadan vrlo hrabar ouftit. <\/p>\n","protected":false},"excerpt":{"rendered":"<p>Ovaj upe\u010datljiv outfit spaja strukturu, teksturu i urbani karakter u jedinstven modni izraz. Bijela ko\u0161ulja nagla\u0161enog ovratnika daje osnovu cijelom stylingu, Ru\u010dno dekorirana kravata s metalnim lancima i aplikacijama donosi sna\u017ean statement detalj. Jeans mini suknja s asimetri\u010dnim, volanima i patch detaljima nagla\u0161ava avangardni karakter kombinacije. Look je dodatno upotpunjen strukturiranim jeans prslukom s voluminoznim [&hellip;]<\/p>\n","protected":false},"featured_media":6763,"template":"","meta":[],"product_brand":[],"product_cat":[102,16,117,189,149,24],"product_tag":[399,105,107,86],"class_list":{"0":"post-6770","1":"product","2":"type-product","3":"status-publish","4":"has-post-thumbnail","6":"product_cat-jakna","7":"product_cat-kosulja","8":"product_cat-mamma-mia-art","9":"product_cat-mammamia-art","10":"product_cat-outfit","11":"product_cat-suknja","12":"product_tag-daily-outfit","13":"product_tag-hrvatski-dizajn","14":"product_tag-jeans","15":"product_tag-tiramol-hr","17":"first","18":"instock","19":"taxable","20":"shipping-taxable","21":"purchasable","22":"product-type-woosb"},"_links":{"self":[{"href":"https:\/\/tiramol.com\/index.php?rest_route=\/wp\/v2\/product\/6770","targetHints":{"allow":["GET"]}}],"collection":[{"href":"https:\/\/tiramol.com\/index.php?rest_route=\/wp\/v2\/product"}],"about":[{"href":"https:\/\/tiramol.com\/index.php?rest_route=\/wp\/v2\/types\/product"}],"wp:featuredmedia":[{"embeddable":true,"href":"https:\/\/tiramol.com\/index.php?rest_route=\/wp\/v2\/media\/6763"}],"wp:attachment":[{"href":"https:\/\/tiramol.com\/index.php?rest_route=%2Fwp%2Fv2%2Fmedia&parent=6770"}],"wp:term":[{"taxonomy":"product_brand","embeddable":true,"href":"https:\/\/tiramol.com\/index.php?rest_route=%2Fwp%2Fv2%2Fproduct_brand&post=6770"},{"taxonomy":"product_cat","embeddable":true,"href":"https:\/\/tiramol.com\/index.php?rest_route=%2Fwp%2Fv2%2Fproduct_cat&post=6770"},{"taxonomy":"product_tag","embeddable":true,"href":"https:\/\/tiramol.com\/index.php?rest_route=%2Fwp%2Fv2%2Fproduct_tag&post=6770"}],"curies":[{"name":"wp","href":"https:\/\/api.w.org\/{rel}","templated":true}]}}