{"id":6404,"date":"2026-02-18T16:31:40","date_gmt":"2026-02-18T16:31:40","guid":{"rendered":"https:\/\/tiramol.com\/?post_type=product&#038;p=6404"},"modified":"2026-02-18T16:42:33","modified_gmt":"2026-02-18T16:42:33","slug":"mommy-118","status":"publish","type":"product","link":"https:\/\/tiramol.com\/?product=mommy-118","title":{"rendered":"MOMMY 118"},"content":{"rendered":"<p>Brand: MOMMYS GARDEN<br \/>\nArtikal: hla\u010de<br \/>\nMaterijal:<br \/>\nDostupna veli\u010dina: <\/p>\n<p>Model je visine 173cm i nosi veli\u010dinu <\/p>\n","protected":false},"excerpt":{"rendered":"<p>Brand: MOMMYS GARDEN Artikal: hla\u010de Materijal: Dostupna veli\u010dina: Model je visine 173cm i nosi veli\u010dinu<\/p>\n","protected":false},"featured_media":6405,"template":"","meta":[],"product_brand":[],"product_cat":[70,293],"product_tag":[74,105,299,86],"class_list":{"0":"post-6404","1":"product","2":"type-product","3":"status-publish","4":"has-post-thumbnail","6":"product_cat-hlace","7":"product_cat-mommys-garden","8":"product_tag-hlace","9":"product_tag-hrvatski-dizajn","10":"product_tag-mommys-garden","11":"product_tag-tiramol-hr","13":"first","14":"instock","15":"taxable","16":"shipping-taxable","17":"purchasable","18":"product-type-simple"},"_links":{"self":[{"href":"https:\/\/tiramol.com\/index.php?rest_route=\/wp\/v2\/product\/6404","targetHints":{"allow":["GET"]}}],"collection":[{"href":"https:\/\/tiramol.com\/index.php?rest_route=\/wp\/v2\/product"}],"about":[{"href":"https:\/\/tiramol.com\/index.php?rest_route=\/wp\/v2\/types\/product"}],"wp:featuredmedia":[{"embeddable":true,"href":"https:\/\/tiramol.com\/index.php?rest_route=\/wp\/v2\/media\/6405"}],"wp:attachment":[{"href":"https:\/\/tiramol.com\/index.php?rest_route=%2Fwp%2Fv2%2Fmedia&parent=6404"}],"wp:term":[{"taxonomy":"product_brand","embeddable":true,"href":"https:\/\/tiramol.com\/index.php?rest_route=%2Fwp%2Fv2%2Fproduct_brand&post=6404"},{"taxonomy":"product_cat","embeddable":true,"href":"https:\/\/tiramol.com\/index.php?rest_route=%2Fwp%2Fv2%2Fproduct_cat&post=6404"},{"taxonomy":"product_tag","embeddable":true,"href":"https:\/\/tiramol.com\/index.php?rest_route=%2Fwp%2Fv2%2Fproduct_tag&post=6404"}],"curies":[{"name":"wp","href":"https:\/\/api.w.org\/{rel}","templated":true}]}}