{"id":6400,"date":"2026-02-18T16:03:44","date_gmt":"2026-02-18T16:03:44","guid":{"rendered":"https:\/\/tiramol.com\/?post_type=product&#038;p=6400"},"modified":"2026-02-18T16:10:18","modified_gmt":"2026-02-18T16:10:18","slug":"mommy-137","status":"publish","type":"product","link":"https:\/\/tiramol.com\/?product=mommy-137","title":{"rendered":"MOMMY 137"},"content":{"rendered":"<p>Brand: MOMMYS GARDEN<br \/>\nArtikal: sako pli\u0161<br \/>\nMaterijal:<br \/>\nDostupna veli\u010dina: <\/p>\n<p>Model je visine 173cm i nosi veli\u010dinu <\/p>\n","protected":false},"excerpt":{"rendered":"<p>Brand: MOMMYS GARDEN Artikal: sako pli\u0161 Materijal: Dostupna veli\u010dina: Model je visine 173cm i nosi veli\u010dinu<\/p>\n","protected":false},"featured_media":6401,"template":"","meta":[],"product_brand":[],"product_cat":[293,71],"product_tag":[95,105,299],"class_list":{"0":"post-6400","1":"product","2":"type-product","3":"status-publish","4":"has-post-thumbnail","6":"product_cat-mommys-garden","7":"product_cat-sako","8":"product_tag-zadar","9":"product_tag-hrvatski-dizajn","10":"product_tag-mommys-garden","12":"first","13":"instock","14":"taxable","15":"shipping-taxable","16":"purchasable","17":"product-type-simple"},"_links":{"self":[{"href":"https:\/\/tiramol.com\/index.php?rest_route=\/wp\/v2\/product\/6400","targetHints":{"allow":["GET"]}}],"collection":[{"href":"https:\/\/tiramol.com\/index.php?rest_route=\/wp\/v2\/product"}],"about":[{"href":"https:\/\/tiramol.com\/index.php?rest_route=\/wp\/v2\/types\/product"}],"wp:featuredmedia":[{"embeddable":true,"href":"https:\/\/tiramol.com\/index.php?rest_route=\/wp\/v2\/media\/6401"}],"wp:attachment":[{"href":"https:\/\/tiramol.com\/index.php?rest_route=%2Fwp%2Fv2%2Fmedia&parent=6400"}],"wp:term":[{"taxonomy":"product_brand","embeddable":true,"href":"https:\/\/tiramol.com\/index.php?rest_route=%2Fwp%2Fv2%2Fproduct_brand&post=6400"},{"taxonomy":"product_cat","embeddable":true,"href":"https:\/\/tiramol.com\/index.php?rest_route=%2Fwp%2Fv2%2Fproduct_cat&post=6400"},{"taxonomy":"product_tag","embeddable":true,"href":"https:\/\/tiramol.com\/index.php?rest_route=%2Fwp%2Fv2%2Fproduct_tag&post=6400"}],"curies":[{"name":"wp","href":"https:\/\/api.w.org\/{rel}","templated":true}]}}