{"id":6391,"date":"2026-02-18T15:19:38","date_gmt":"2026-02-18T15:19:38","guid":{"rendered":"https:\/\/tiramol.com\/?post_type=product&#038;p=6391"},"modified":"2026-03-13T18:23:59","modified_gmt":"2026-03-13T18:23:59","slug":"outfit-zebra","status":"publish","type":"product","link":"https:\/\/tiramol.com\/?product=outfit-zebra","title":{"rendered":"OUTFIT ZEBRA"},"content":{"rendered":"<p>Efektna kombinacija koja spaja grafi\u010dki statement komad i \u010distu, elegantnu siluetu. Sako s upe\u010datljivim uzorkom preuzima fokus, dok crna baza i \u0161iroke hla\u010de stvaraju uravnote\u017een, sofisticiran look.<br \/>\nStrukturirani sako nagla\u0161ava ramena i daje outfitu modni, editorial karakter, dok visoki struk i palazzo kroj hla\u010da vizualno produ\u017euju figuru. Prozirna crna bluza dodaje dozu \u017eenstvenosti i slojevitosti, \u010dine\u0107i kombinaciju nosivom i danju i nave\u010der.<\/p>\n","protected":false},"excerpt":{"rendered":"<p>Efektna kombinacija koja spaja grafi\u010dki statement komad i \u010distu, elegantnu siluetu. Sako s upe\u010datljivim uzorkom preuzima fokus, dok crna baza i \u0161iroke hla\u010de stvaraju uravnote\u017een, sofisticiran look. Strukturirani sako nagla\u0161ava ramena i daje outfitu modni, editorial karakter, dok visoki struk i palazzo kroj hla\u010da vizualno produ\u017euju figuru. Prozirna crna bluza dodaje dozu \u017eenstvenosti i slojevitosti, [&hellip;]<\/p>\n","protected":false},"featured_media":6358,"template":"","meta":[],"product_brand":[],"product_cat":[293,149,85],"product_tag":[],"class_list":{"0":"post-6391","1":"product","2":"type-product","3":"status-publish","4":"has-post-thumbnail","6":"product_cat-mommys-garden","7":"product_cat-outfit","8":"product_cat-tiramol-hr","10":"first","11":"instock","12":"taxable","13":"shipping-taxable","14":"purchasable","15":"product-type-woosb"},"_links":{"self":[{"href":"https:\/\/tiramol.com\/index.php?rest_route=\/wp\/v2\/product\/6391","targetHints":{"allow":["GET"]}}],"collection":[{"href":"https:\/\/tiramol.com\/index.php?rest_route=\/wp\/v2\/product"}],"about":[{"href":"https:\/\/tiramol.com\/index.php?rest_route=\/wp\/v2\/types\/product"}],"wp:featuredmedia":[{"embeddable":true,"href":"https:\/\/tiramol.com\/index.php?rest_route=\/wp\/v2\/media\/6358"}],"wp:attachment":[{"href":"https:\/\/tiramol.com\/index.php?rest_route=%2Fwp%2Fv2%2Fmedia&parent=6391"}],"wp:term":[{"taxonomy":"product_brand","embeddable":true,"href":"https:\/\/tiramol.com\/index.php?rest_route=%2Fwp%2Fv2%2Fproduct_brand&post=6391"},{"taxonomy":"product_cat","embeddable":true,"href":"https:\/\/tiramol.com\/index.php?rest_route=%2Fwp%2Fv2%2Fproduct_cat&post=6391"},{"taxonomy":"product_tag","embeddable":true,"href":"https:\/\/tiramol.com\/index.php?rest_route=%2Fwp%2Fv2%2Fproduct_tag&post=6391"}],"curies":[{"name":"wp","href":"https:\/\/api.w.org\/{rel}","templated":true}]}}