{"id":6284,"date":"2026-02-14T11:44:59","date_gmt":"2026-02-14T11:44:59","guid":{"rendered":"https:\/\/tiramol.com\/?post_type=product&#038;p=6284"},"modified":"2026-02-14T11:50:16","modified_gmt":"2026-02-14T11:50:16","slug":"krie-mei-pants","status":"publish","type":"product","link":"https:\/\/tiramol.com\/?product=krie-mei-pants","title":{"rendered":"KRIE MEI PANTS"},"content":{"rendered":"<p>Brand: KRIE<br \/>\nArtikal: hla\u010de<br \/>\nMaterijal: poliester 60%, viskoza 40%<br \/>\nDostupna veli\u010dina: M<\/p>\n<p>Model je visine 173cm i nosi veli\u010dinu M<\/p>\n","protected":false},"excerpt":{"rendered":"<p>Brand: KRIE Artikal: hla\u010de Materijal: poliester 60%, viskoza 40% Dostupna veli\u010dina: M Model je visine 173cm i nosi veli\u010dinu M<\/p>\n","protected":false},"featured_media":6286,"template":"","meta":[],"product_brand":[],"product_cat":[70,38],"product_tag":[95,74,105,17,86],"class_list":{"0":"post-6284","1":"product","2":"type-product","3":"status-publish","4":"has-post-thumbnail","6":"product_cat-hlace","7":"product_cat-krie-design","8":"product_tag-zadar","9":"product_tag-hlace","10":"product_tag-hrvatski-dizajn","11":"product_tag-tiramol","12":"product_tag-tiramol-hr","14":"first","15":"instock","16":"taxable","17":"shipping-taxable","18":"purchasable","19":"product-type-simple"},"_links":{"self":[{"href":"https:\/\/tiramol.com\/index.php?rest_route=\/wp\/v2\/product\/6284","targetHints":{"allow":["GET"]}}],"collection":[{"href":"https:\/\/tiramol.com\/index.php?rest_route=\/wp\/v2\/product"}],"about":[{"href":"https:\/\/tiramol.com\/index.php?rest_route=\/wp\/v2\/types\/product"}],"wp:featuredmedia":[{"embeddable":true,"href":"https:\/\/tiramol.com\/index.php?rest_route=\/wp\/v2\/media\/6286"}],"wp:attachment":[{"href":"https:\/\/tiramol.com\/index.php?rest_route=%2Fwp%2Fv2%2Fmedia&parent=6284"}],"wp:term":[{"taxonomy":"product_brand","embeddable":true,"href":"https:\/\/tiramol.com\/index.php?rest_route=%2Fwp%2Fv2%2Fproduct_brand&post=6284"},{"taxonomy":"product_cat","embeddable":true,"href":"https:\/\/tiramol.com\/index.php?rest_route=%2Fwp%2Fv2%2Fproduct_cat&post=6284"},{"taxonomy":"product_tag","embeddable":true,"href":"https:\/\/tiramol.com\/index.php?rest_route=%2Fwp%2Fv2%2Fproduct_tag&post=6284"}],"curies":[{"name":"wp","href":"https:\/\/api.w.org\/{rel}","templated":true}]}}