{"id":6251,"date":"2026-02-13T18:26:18","date_gmt":"2026-02-13T18:26:18","guid":{"rendered":"https:\/\/tiramol.com\/?post_type=product&#038;p=6251"},"modified":"2026-02-16T16:37:24","modified_gmt":"2026-02-16T16:37:24","slug":"t-socks","status":"publish","type":"product","link":"https:\/\/tiramol.com\/?product=t-socks","title":{"rendered":"T SOCKS"},"content":{"rendered":"<p>Brand: Tiramol Hr<br \/>\nArtikal: \u010darape<br \/>\nMaterijal: 85% pamuk, 10% poliester, 5% elastin<br \/>\nDostupna veli\u010dina: 38-41<\/p>\n<p>Model je visine 173cm i nosi veli\u010dinu 38-41<\/p>\n","protected":false},"excerpt":{"rendered":"<p>Brand: Tiramol Hr Artikal: \u010darape Materijal: 85% pamuk, 10% poliester, 5% elastin Dostupna veli\u010dina: 38-41 Model je visine 173cm i nosi veli\u010dinu 38-41<\/p>\n","protected":false},"featured_media":6153,"template":"","meta":[],"product_brand":[],"product_cat":[384,85],"product_tag":[387,386,105,86],"class_list":{"0":"post-6251","1":"product","2":"type-product","3":"status-publish","4":"has-post-thumbnail","6":"product_cat-carape","7":"product_cat-tiramol-hr","8":"product_tag-accessoire","9":"product_tag-carape","10":"product_tag-hrvatski-dizajn","11":"product_tag-tiramol-hr","13":"first","14":"instock","15":"taxable","16":"shipping-taxable","17":"purchasable","18":"product-type-simple"},"_links":{"self":[{"href":"https:\/\/tiramol.com\/index.php?rest_route=\/wp\/v2\/product\/6251","targetHints":{"allow":["GET"]}}],"collection":[{"href":"https:\/\/tiramol.com\/index.php?rest_route=\/wp\/v2\/product"}],"about":[{"href":"https:\/\/tiramol.com\/index.php?rest_route=\/wp\/v2\/types\/product"}],"wp:featuredmedia":[{"embeddable":true,"href":"https:\/\/tiramol.com\/index.php?rest_route=\/wp\/v2\/media\/6153"}],"wp:attachment":[{"href":"https:\/\/tiramol.com\/index.php?rest_route=%2Fwp%2Fv2%2Fmedia&parent=6251"}],"wp:term":[{"taxonomy":"product_brand","embeddable":true,"href":"https:\/\/tiramol.com\/index.php?rest_route=%2Fwp%2Fv2%2Fproduct_brand&post=6251"},{"taxonomy":"product_cat","embeddable":true,"href":"https:\/\/tiramol.com\/index.php?rest_route=%2Fwp%2Fv2%2Fproduct_cat&post=6251"},{"taxonomy":"product_tag","embeddable":true,"href":"https:\/\/tiramol.com\/index.php?rest_route=%2Fwp%2Fv2%2Fproduct_tag&post=6251"}],"curies":[{"name":"wp","href":"https:\/\/api.w.org\/{rel}","templated":true}]}}