{"id":6222,"date":"2026-02-12T11:46:33","date_gmt":"2026-02-12T11:46:33","guid":{"rendered":"https:\/\/tiramol.com\/?post_type=product&#038;p=6222"},"modified":"2026-03-13T18:25:09","modified_gmt":"2026-03-13T18:25:09","slug":"outfit-leggiero","status":"publish","type":"product","link":"https:\/\/tiramol.com\/?product=outfit-leggiero","title":{"rendered":"OUTFIT LEGGIERO"},"content":{"rendered":"<p>Kratka jakna u maslinasto zelenoj nijansi s nagla\u0161enim ovratnikom i zlatnim gumbima donosi strukturiran i profinjen izgled. Kombinirana s bar\u0161unastim topom, stvara bogatu teksturalnu igru koja outfitu daje dubinu i luksuzan dojam.<\/p>\n<p>Suknja visokog struka s upe\u010datljivim grafi\u010dkim uzorkom donosi dinamiku i \u017eenstvenu siluetu. Blago pro\u0161ireni kroj omogu\u0107uje elegantan pokret pri hodu i daje outfitu modernu, razigranu notu.<\/p>\n","protected":false},"excerpt":{"rendered":"<p>Kratka jakna u maslinasto zelenoj nijansi s nagla\u0161enim ovratnikom i zlatnim gumbima donosi strukturiran i profinjen izgled. Kombinirana s bar\u0161unastim topom, stvara bogatu teksturalnu igru koja outfitu daje dubinu i luksuzan dojam. Suknja visokog struka s upe\u010datljivim grafi\u010dkim uzorkom donosi dinamiku i \u017eenstvenu siluetu. Blago pro\u0161ireni kroj omogu\u0107uje elegantan pokret pri hodu i daje outfitu [&hellip;]<\/p>\n","protected":false},"featured_media":6438,"template":"","meta":[],"product_brand":[],"product_cat":[39,261,358],"product_tag":[105,32,49,25,17,86],"class_list":{"0":"post-6222","1":"product","2":"type-product","3":"status-publish","4":"has-post-thumbnail","6":"product_cat-bitemystyle","7":"product_cat-jet-lag","8":"product_cat-teisha","9":"product_tag-hrvatski-dizajn","10":"product_tag-jakna","11":"product_tag-majica","12":"product_tag-suknja","13":"product_tag-tiramol","14":"product_tag-tiramol-hr","16":"first","17":"instock","18":"taxable","19":"shipping-taxable","20":"purchasable","21":"product-type-woosb"},"_links":{"self":[{"href":"https:\/\/tiramol.com\/index.php?rest_route=\/wp\/v2\/product\/6222","targetHints":{"allow":["GET"]}}],"collection":[{"href":"https:\/\/tiramol.com\/index.php?rest_route=\/wp\/v2\/product"}],"about":[{"href":"https:\/\/tiramol.com\/index.php?rest_route=\/wp\/v2\/types\/product"}],"wp:featuredmedia":[{"embeddable":true,"href":"https:\/\/tiramol.com\/index.php?rest_route=\/wp\/v2\/media\/6438"}],"wp:attachment":[{"href":"https:\/\/tiramol.com\/index.php?rest_route=%2Fwp%2Fv2%2Fmedia&parent=6222"}],"wp:term":[{"taxonomy":"product_brand","embeddable":true,"href":"https:\/\/tiramol.com\/index.php?rest_route=%2Fwp%2Fv2%2Fproduct_brand&post=6222"},{"taxonomy":"product_cat","embeddable":true,"href":"https:\/\/tiramol.com\/index.php?rest_route=%2Fwp%2Fv2%2Fproduct_cat&post=6222"},{"taxonomy":"product_tag","embeddable":true,"href":"https:\/\/tiramol.com\/index.php?rest_route=%2Fwp%2Fv2%2Fproduct_tag&post=6222"}],"curies":[{"name":"wp","href":"https:\/\/api.w.org\/{rel}","templated":true}]}}