{"id":6148,"date":"2026-02-10T16:20:35","date_gmt":"2026-02-10T16:20:35","guid":{"rendered":"https:\/\/tiramol.com\/?post_type=product&#038;p=6148"},"modified":"2026-02-10T16:23:16","modified_gmt":"2026-02-10T16:23:16","slug":"km-172","status":"publish","type":"product","link":"https:\/\/tiramol.com\/?product=km-172","title":{"rendered":"KM 172"},"content":{"rendered":"<p>Brand: KATARINA MAMI\u0106<br \/>\nArtikal: haljina<br \/>\nMaterijal: poliester 95%, elastin 5%<br \/>\nDostupna veli\u010dina: M<\/p>\n<p>Model je visine 173cm i nosi veli\u010dinu M<\/p>\n","protected":false},"excerpt":{"rendered":"<p>Brand: KATARINA MAMI\u0106 Artikal: haljina Materijal: poliester 95%, elastin 5% Dostupna veli\u010dina: M Model je visine 173cm i nosi veli\u010dinu M<\/p>\n","protected":false},"featured_media":6113,"template":"","meta":[],"product_brand":[],"product_cat":[26,221],"product_tag":[27,105,222,383,382,17,86],"class_list":{"0":"post-6148","1":"product","2":"type-product","3":"status-publish","4":"has-post-thumbnail","6":"product_cat-haljina","7":"product_cat-katarina-mamic","8":"product_tag-haljina","9":"product_tag-hrvatski-dizajn","10":"product_tag-katarina-mamic","11":"product_tag-otvorena-leda","12":"product_tag-roza","13":"product_tag-tiramol","14":"product_tag-tiramol-hr","16":"first","17":"instock","18":"taxable","19":"shipping-taxable","20":"purchasable","21":"product-type-simple"},"_links":{"self":[{"href":"https:\/\/tiramol.com\/index.php?rest_route=\/wp\/v2\/product\/6148","targetHints":{"allow":["GET"]}}],"collection":[{"href":"https:\/\/tiramol.com\/index.php?rest_route=\/wp\/v2\/product"}],"about":[{"href":"https:\/\/tiramol.com\/index.php?rest_route=\/wp\/v2\/types\/product"}],"wp:featuredmedia":[{"embeddable":true,"href":"https:\/\/tiramol.com\/index.php?rest_route=\/wp\/v2\/media\/6113"}],"wp:attachment":[{"href":"https:\/\/tiramol.com\/index.php?rest_route=%2Fwp%2Fv2%2Fmedia&parent=6148"}],"wp:term":[{"taxonomy":"product_brand","embeddable":true,"href":"https:\/\/tiramol.com\/index.php?rest_route=%2Fwp%2Fv2%2Fproduct_brand&post=6148"},{"taxonomy":"product_cat","embeddable":true,"href":"https:\/\/tiramol.com\/index.php?rest_route=%2Fwp%2Fv2%2Fproduct_cat&post=6148"},{"taxonomy":"product_tag","embeddable":true,"href":"https:\/\/tiramol.com\/index.php?rest_route=%2Fwp%2Fv2%2Fproduct_tag&post=6148"}],"curies":[{"name":"wp","href":"https:\/\/api.w.org\/{rel}","templated":true}]}}