{"id":6134,"date":"2026-02-05T18:13:54","date_gmt":"2026-02-05T18:13:54","guid":{"rendered":"https:\/\/tiramol.com\/?post_type=product&#038;p=6134"},"modified":"2026-02-13T18:12:17","modified_gmt":"2026-02-13T18:12:17","slug":"mommy-131","status":"publish","type":"product","link":"https:\/\/tiramol.com\/?product=mommy-131","title":{"rendered":"MOMMY 131"},"content":{"rendered":"<p>Brand: MOMMYS GARDEN<br \/>\nArtikal: kaput<br \/>\nMaterijal: 80% vuna, 10% ka\u0161mir, 10% poliester<br \/>\nVeli\u010dina: 38<\/p>\n<p>Model je visine 173cm, nosi veli\u010dinu 38<\/p>\n","protected":false},"excerpt":{"rendered":"<p>Brand: MOMMYS GARDEN Artikal: kaput Materijal: 80% vuna, 10% ka\u0161mir, 10% poliester Veli\u010dina: 38 Model je visine 173cm, nosi veli\u010dinu 38<\/p>\n","protected":false},"featured_media":6136,"template":"","meta":[],"product_brand":[],"product_cat":[21,293],"product_tag":[95,357,98,22,354,17,86,112],"class_list":{"0":"post-6134","1":"product","2":"type-product","3":"status-publish","4":"has-post-thumbnail","6":"product_cat-kaput","7":"product_cat-mommys-garden","8":"product_tag-zadar","9":"product_tag-design","10":"product_tag-fashion","11":"product_tag-kaput","12":"product_tag-mommysgarden","13":"product_tag-tiramol","14":"product_tag-tiramol-hr","15":"product_tag-vuna","17":"first","18":"instock","19":"taxable","20":"shipping-taxable","21":"purchasable","22":"product-type-simple"},"_links":{"self":[{"href":"https:\/\/tiramol.com\/index.php?rest_route=\/wp\/v2\/product\/6134","targetHints":{"allow":["GET"]}}],"collection":[{"href":"https:\/\/tiramol.com\/index.php?rest_route=\/wp\/v2\/product"}],"about":[{"href":"https:\/\/tiramol.com\/index.php?rest_route=\/wp\/v2\/types\/product"}],"wp:featuredmedia":[{"embeddable":true,"href":"https:\/\/tiramol.com\/index.php?rest_route=\/wp\/v2\/media\/6136"}],"wp:attachment":[{"href":"https:\/\/tiramol.com\/index.php?rest_route=%2Fwp%2Fv2%2Fmedia&parent=6134"}],"wp:term":[{"taxonomy":"product_brand","embeddable":true,"href":"https:\/\/tiramol.com\/index.php?rest_route=%2Fwp%2Fv2%2Fproduct_brand&post=6134"},{"taxonomy":"product_cat","embeddable":true,"href":"https:\/\/tiramol.com\/index.php?rest_route=%2Fwp%2Fv2%2Fproduct_cat&post=6134"},{"taxonomy":"product_tag","embeddable":true,"href":"https:\/\/tiramol.com\/index.php?rest_route=%2Fwp%2Fv2%2Fproduct_tag&post=6134"}],"curies":[{"name":"wp","href":"https:\/\/api.w.org\/{rel}","templated":true}]}}