{"id":6132,"date":"2026-02-05T18:04:40","date_gmt":"2026-02-05T18:04:40","guid":{"rendered":"https:\/\/tiramol.com\/?post_type=product&#038;p=6132"},"modified":"2026-02-10T16:40:16","modified_gmt":"2026-02-10T16:40:16","slug":"krie-nevesa-pants","status":"publish","type":"product","link":"https:\/\/tiramol.com\/?product=krie-nevesa-pants","title":{"rendered":"KRIE NEVESA PANTS"},"content":{"rendered":"<p>Brend: KRIE<br \/>\nArtikal: hla\u010de umjetna ko\u017ea<br \/>\nMaterijal: 95% poliester, 5% elastin<br \/>\nDOSTUPNA VELICINA: S, M, L, (neke veli\u010dine ako nemamo na stanju mogu\u0107e je naru\u010diti)<\/p>\n<p>Model je visine 173cm i nosi veli\u010dinu M (opseg boka 102)<\/p>\n","protected":false},"excerpt":{"rendered":"<p>Brend: KRIE Artikal: hla\u010de umjetna ko\u017ea Materijal: 95% poliester, 5% elastin DOSTUPNA VELICINA: S, M, L, (neke veli\u010dine ako nemamo na stanju mogu\u0107e je naru\u010diti) Model je visine 173cm i nosi veli\u010dinu M (opseg boka 102)<\/p>\n","protected":false},"featured_media":6130,"template":"","meta":[],"product_brand":[],"product_cat":[70,38],"product_tag":[74,31,159,17,86],"class_list":{"0":"post-6132","1":"product","2":"type-product","3":"status-publish","4":"has-post-thumbnail","6":"product_cat-hlace","7":"product_cat-krie-design","8":"product_tag-hlace","9":"product_tag-krie","10":"product_tag-outfit","11":"product_tag-tiramol","12":"product_tag-tiramol-hr","14":"first","15":"instock","16":"taxable","17":"shipping-taxable","18":"purchasable","19":"product-type-simple"},"_links":{"self":[{"href":"https:\/\/tiramol.com\/index.php?rest_route=\/wp\/v2\/product\/6132","targetHints":{"allow":["GET"]}}],"collection":[{"href":"https:\/\/tiramol.com\/index.php?rest_route=\/wp\/v2\/product"}],"about":[{"href":"https:\/\/tiramol.com\/index.php?rest_route=\/wp\/v2\/types\/product"}],"wp:featuredmedia":[{"embeddable":true,"href":"https:\/\/tiramol.com\/index.php?rest_route=\/wp\/v2\/media\/6130"}],"wp:attachment":[{"href":"https:\/\/tiramol.com\/index.php?rest_route=%2Fwp%2Fv2%2Fmedia&parent=6132"}],"wp:term":[{"taxonomy":"product_brand","embeddable":true,"href":"https:\/\/tiramol.com\/index.php?rest_route=%2Fwp%2Fv2%2Fproduct_brand&post=6132"},{"taxonomy":"product_cat","embeddable":true,"href":"https:\/\/tiramol.com\/index.php?rest_route=%2Fwp%2Fv2%2Fproduct_cat&post=6132"},{"taxonomy":"product_tag","embeddable":true,"href":"https:\/\/tiramol.com\/index.php?rest_route=%2Fwp%2Fv2%2Fproduct_tag&post=6132"}],"curies":[{"name":"wp","href":"https:\/\/api.w.org\/{rel}","templated":true}]}}