{"id":6059,"date":"2026-02-04T16:10:40","date_gmt":"2026-02-04T16:10:40","guid":{"rendered":"https:\/\/tiramol.com\/?post_type=product&#038;p=6059"},"modified":"2026-02-10T18:09:04","modified_gmt":"2026-02-10T18:09:04","slug":"outfit-spring","status":"publish","type":"product","link":"https:\/\/tiramol.com\/?product=outfit-spring","title":{"rendered":"OUTFIT SPRING"},"content":{"rendered":"<p>Urban chic outfit s naglaskom na slojevitost<\/p>\n<p>Moderan outfit koji spaja le\u017eernost i strukturu. \u0160iroke hla\u010de visokog struka u kombinaciji s pamu\u010dnom majicom i statement kaputom u mint nijansi stvaraju sna\u017ean, ali nosiv look. Idealno za gradske \u0161etnje i svakodnevne kombinacije s karakterom.<\/p>\n<p>Stil: urban, moderan, effortless<br \/>\nPrigoda: dnevni outfit, city look<\/p>\n","protected":false},"excerpt":{"rendered":"<p>Urban chic outfit s naglaskom na slojevitost Moderan outfit koji spaja le\u017eernost i strukturu. \u0160iroke hla\u010de visokog struka u kombinaciji s pamu\u010dnom majicom i statement kaputom u mint nijansi stvaraju sna\u017ean, ali nosiv look. Idealno za gradske \u0161etnje i svakodnevne kombinacije s karakterom. Stil: urban, moderan, effortless Prigoda: dnevni outfit, city look<\/p>\n","protected":false},"featured_media":6044,"template":"","meta":[],"product_brand":[],"product_cat":[39,69,149,85],"product_tag":[95,367,105,368,365,366,17,86],"class_list":{"0":"post-6059","1":"product","2":"type-product","3":"status-publish","4":"has-post-thumbnail","6":"product_cat-bitemystyle","7":"product_cat-issa-by-lea-ilic","8":"product_cat-outfit","9":"product_cat-tiramol-hr","10":"product_tag-zadar","11":"product_tag-boje","12":"product_tag-hrvatski-dizajn","13":"product_tag-hrvatski-dizajni","14":"product_tag-outfit-spring","15":"product_tag-proljece","16":"product_tag-tiramol","17":"product_tag-tiramol-hr","19":"first","20":"instock","21":"taxable","22":"shipping-taxable","23":"purchasable","24":"product-type-woosb"},"_links":{"self":[{"href":"https:\/\/tiramol.com\/index.php?rest_route=\/wp\/v2\/product\/6059","targetHints":{"allow":["GET"]}}],"collection":[{"href":"https:\/\/tiramol.com\/index.php?rest_route=\/wp\/v2\/product"}],"about":[{"href":"https:\/\/tiramol.com\/index.php?rest_route=\/wp\/v2\/types\/product"}],"wp:featuredmedia":[{"embeddable":true,"href":"https:\/\/tiramol.com\/index.php?rest_route=\/wp\/v2\/media\/6044"}],"wp:attachment":[{"href":"https:\/\/tiramol.com\/index.php?rest_route=%2Fwp%2Fv2%2Fmedia&parent=6059"}],"wp:term":[{"taxonomy":"product_brand","embeddable":true,"href":"https:\/\/tiramol.com\/index.php?rest_route=%2Fwp%2Fv2%2Fproduct_brand&post=6059"},{"taxonomy":"product_cat","embeddable":true,"href":"https:\/\/tiramol.com\/index.php?rest_route=%2Fwp%2Fv2%2Fproduct_cat&post=6059"},{"taxonomy":"product_tag","embeddable":true,"href":"https:\/\/tiramol.com\/index.php?rest_route=%2Fwp%2Fv2%2Fproduct_tag&post=6059"}],"curies":[{"name":"wp","href":"https:\/\/api.w.org\/{rel}","templated":true}]}}