{"id":5880,"date":"2026-01-30T18:15:34","date_gmt":"2026-01-30T18:15:34","guid":{"rendered":"https:\/\/tiramol.com\/?post_type=product&#038;p=5880"},"modified":"2026-02-10T16:48:21","modified_gmt":"2026-02-10T16:48:21","slug":"issa078","status":"publish","type":"product","link":"https:\/\/tiramol.com\/?product=issa078","title":{"rendered":"ISSA 078k"},"content":{"rendered":"<p>Brand: ISSA BY LEA ILI\u0106<br \/>\nArtikal: hla\u010de<br \/>\nMaterijal: pamuk 100%<br \/>\nDOSTUPNA VELICINA: M<\/p>\n<p>Model je visine 173cm i nosi veli\u010dinu M<\/p>\n","protected":false},"excerpt":{"rendered":"<p>Brand: ISSA BY LEA ILI\u0106 Artikal: hla\u010de Materijal: pamuk 100% DOSTUPNA VELICINA: M Model je visine 173cm i nosi veli\u010dinu M<\/p>\n","protected":false},"featured_media":5951,"template":"","meta":[],"product_brand":[],"product_cat":[70,69],"product_tag":[357,74,107,17,86],"class_list":{"0":"post-5880","1":"product","2":"type-product","3":"status-publish","4":"has-post-thumbnail","6":"product_cat-hlace","7":"product_cat-issa-by-lea-ilic","8":"product_tag-design","9":"product_tag-hlace","10":"product_tag-jeans","11":"product_tag-tiramol","12":"product_tag-tiramol-hr","14":"first","15":"instock","16":"taxable","17":"shipping-taxable","18":"purchasable","19":"product-type-simple"},"_links":{"self":[{"href":"https:\/\/tiramol.com\/index.php?rest_route=\/wp\/v2\/product\/5880","targetHints":{"allow":["GET"]}}],"collection":[{"href":"https:\/\/tiramol.com\/index.php?rest_route=\/wp\/v2\/product"}],"about":[{"href":"https:\/\/tiramol.com\/index.php?rest_route=\/wp\/v2\/types\/product"}],"wp:featuredmedia":[{"embeddable":true,"href":"https:\/\/tiramol.com\/index.php?rest_route=\/wp\/v2\/media\/5951"}],"wp:attachment":[{"href":"https:\/\/tiramol.com\/index.php?rest_route=%2Fwp%2Fv2%2Fmedia&parent=5880"}],"wp:term":[{"taxonomy":"product_brand","embeddable":true,"href":"https:\/\/tiramol.com\/index.php?rest_route=%2Fwp%2Fv2%2Fproduct_brand&post=5880"},{"taxonomy":"product_cat","embeddable":true,"href":"https:\/\/tiramol.com\/index.php?rest_route=%2Fwp%2Fv2%2Fproduct_cat&post=5880"},{"taxonomy":"product_tag","embeddable":true,"href":"https:\/\/tiramol.com\/index.php?rest_route=%2Fwp%2Fv2%2Fproduct_tag&post=5880"}],"curies":[{"name":"wp","href":"https:\/\/api.w.org\/{rel}","templated":true}]}}