{"id":5857,"date":"2026-01-30T09:09:30","date_gmt":"2026-01-30T09:09:30","guid":{"rendered":"https:\/\/tiramol.com\/?post_type=product&#038;p=5857"},"modified":"2026-02-10T16:50:20","modified_gmt":"2026-02-10T16:50:20","slug":"mommy-115","status":"publish","type":"product","link":"https:\/\/tiramol.com\/?product=mommy-115","title":{"rendered":"MOMMY 115"},"content":{"rendered":"<p>Brand: MOMMYS GARDEN<br \/>\nArtikal: majica s kapulja\u010dom<br \/>\nMaterijal: pamuk 70%, poliester 30%<br \/>\nVeli\u010dina: L<\/p>\n<p>Model je visine 173cm, nosi veli\u010dinu L<\/p>\n","protected":false},"excerpt":{"rendered":"<p>Brand: MOMMYS GARDEN Artikal: majica s kapulja\u010dom Materijal: pamuk 70%, poliester 30% Veli\u010dina: L Model je visine 173cm, nosi veli\u010dinu L<\/p>\n","protected":false},"featured_media":5858,"template":"","meta":[],"product_brand":[],"product_cat":[293,214],"product_tag":[309,105,342,299,17,86,215],"class_list":{"0":"post-5857","1":"product","2":"type-product","3":"status-publish","4":"has-post-thumbnail","6":"product_cat-mommys-garden","7":"product_cat-trenerka","8":"product_tag-crvena","9":"product_tag-hrvatski-dizajn","10":"product_tag-majica-s-kapuljacom","11":"product_tag-mommys-garden","12":"product_tag-tiramol","13":"product_tag-tiramol-hr","14":"product_tag-trenerka","16":"first","17":"instock","18":"taxable","19":"shipping-taxable","20":"purchasable","21":"product-type-simple"},"_links":{"self":[{"href":"https:\/\/tiramol.com\/index.php?rest_route=\/wp\/v2\/product\/5857","targetHints":{"allow":["GET"]}}],"collection":[{"href":"https:\/\/tiramol.com\/index.php?rest_route=\/wp\/v2\/product"}],"about":[{"href":"https:\/\/tiramol.com\/index.php?rest_route=\/wp\/v2\/types\/product"}],"wp:featuredmedia":[{"embeddable":true,"href":"https:\/\/tiramol.com\/index.php?rest_route=\/wp\/v2\/media\/5858"}],"wp:attachment":[{"href":"https:\/\/tiramol.com\/index.php?rest_route=%2Fwp%2Fv2%2Fmedia&parent=5857"}],"wp:term":[{"taxonomy":"product_brand","embeddable":true,"href":"https:\/\/tiramol.com\/index.php?rest_route=%2Fwp%2Fv2%2Fproduct_brand&post=5857"},{"taxonomy":"product_cat","embeddable":true,"href":"https:\/\/tiramol.com\/index.php?rest_route=%2Fwp%2Fv2%2Fproduct_cat&post=5857"},{"taxonomy":"product_tag","embeddable":true,"href":"https:\/\/tiramol.com\/index.php?rest_route=%2Fwp%2Fv2%2Fproduct_tag&post=5857"}],"curies":[{"name":"wp","href":"https:\/\/api.w.org\/{rel}","templated":true}]}}