{"id":5823,"date":"2026-01-28T17:01:28","date_gmt":"2026-01-28T17:01:28","guid":{"rendered":"https:\/\/tiramol.com\/?post_type=product&#038;p=5823"},"modified":"2026-02-10T16:54:58","modified_gmt":"2026-02-10T16:54:58","slug":"mammamia-b","status":"publish","type":"product","link":"https:\/\/tiramol.com\/?product=mammamia-b","title":{"rendered":"MAMMAMIA.B"},"content":{"rendered":"<p>Brand: MAMMAMIA ART<br \/>\nArtikal: hla\u010de, baggy hla\u010de<br \/>\nMaterijal: poliester 60%, viskoza 35%, spandex 5%<br \/>\nDOSTUPNA VELICINA:XS<\/p>\n<p>Model je visine 173cm i nosi veli\u010dinu xs<\/p>\n","protected":false},"excerpt":{"rendered":"<p>Brand: MAMMAMIA ART Artikal: hla\u010de, baggy hla\u010de Materijal: poliester 60%, viskoza 35%, spandex 5% DOSTUPNA VELICINA:XS Model je visine 173cm i nosi veli\u010dinu xs<\/p>\n","protected":false},"featured_media":5824,"template":"","meta":[],"product_brand":[],"product_cat":[70,189],"product_tag":[337,74,105,329,17,86],"class_list":{"0":"post-5823","1":"product","2":"type-product","3":"status-publish","4":"has-post-thumbnail","6":"product_cat-hlace","7":"product_cat-mammamia-art","8":"product_tag-baggy-hlace","9":"product_tag-hlace","10":"product_tag-hrvatski-dizajn","11":"product_tag-mammamia-art","12":"product_tag-tiramol","13":"product_tag-tiramol-hr","15":"first","16":"instock","17":"taxable","18":"shipping-taxable","19":"purchasable","20":"product-type-simple"},"_links":{"self":[{"href":"https:\/\/tiramol.com\/index.php?rest_route=\/wp\/v2\/product\/5823","targetHints":{"allow":["GET"]}}],"collection":[{"href":"https:\/\/tiramol.com\/index.php?rest_route=\/wp\/v2\/product"}],"about":[{"href":"https:\/\/tiramol.com\/index.php?rest_route=\/wp\/v2\/types\/product"}],"wp:featuredmedia":[{"embeddable":true,"href":"https:\/\/tiramol.com\/index.php?rest_route=\/wp\/v2\/media\/5824"}],"wp:attachment":[{"href":"https:\/\/tiramol.com\/index.php?rest_route=%2Fwp%2Fv2%2Fmedia&parent=5823"}],"wp:term":[{"taxonomy":"product_brand","embeddable":true,"href":"https:\/\/tiramol.com\/index.php?rest_route=%2Fwp%2Fv2%2Fproduct_brand&post=5823"},{"taxonomy":"product_cat","embeddable":true,"href":"https:\/\/tiramol.com\/index.php?rest_route=%2Fwp%2Fv2%2Fproduct_cat&post=5823"},{"taxonomy":"product_tag","embeddable":true,"href":"https:\/\/tiramol.com\/index.php?rest_route=%2Fwp%2Fv2%2Fproduct_tag&post=5823"}],"curies":[{"name":"wp","href":"https:\/\/api.w.org\/{rel}","templated":true}]}}