{"id":5811,"date":"2026-01-28T15:51:30","date_gmt":"2026-01-28T15:51:30","guid":{"rendered":"https:\/\/tiramol.com\/?post_type=product&#038;p=5811"},"modified":"2026-02-04T08:39:13","modified_gmt":"2026-02-04T08:39:13","slug":"mommy120-p","status":"publish","type":"product","link":"https:\/\/tiramol.com\/?product=mommy120-p","title":{"rendered":"MOMMY120. P"},"content":{"rendered":"<p>Brand: MOMMYS GARDEN<br \/>\nArtikal: kaput<br \/>\nMaterijal: 80% vuna, 10% ka\u0161mir, 10% poliester<br \/>\nVeli\u010dina: 36<\/p>\n<p>Model je visine 173cm, nosi veli\u010dinu 36<\/p>\n","protected":false},"excerpt":{"rendered":"<p>Brand: MOMMYS GARDEN Artikal: kaput Materijal: 80% vuna, 10% ka\u0161mir, 10% poliester Veli\u010dina: 36 Model je visine 173cm, nosi veli\u010dinu 36<\/p>\n","protected":false},"featured_media":5813,"template":"","meta":[],"product_brand":[],"product_cat":[21,293],"product_tag":[105,22,299,335,17,86],"class_list":{"0":"post-5811","1":"product","2":"type-product","3":"status-publish","4":"has-post-thumbnail","6":"product_cat-kaput","7":"product_cat-mommys-garden","8":"product_tag-hrvatski-dizajn","9":"product_tag-kaput","10":"product_tag-mommys-garden","11":"product_tag-plavi-kaput","12":"product_tag-tiramol","13":"product_tag-tiramol-hr","15":"first","16":"instock","17":"taxable","18":"shipping-taxable","19":"purchasable","20":"product-type-simple"},"_links":{"self":[{"href":"https:\/\/tiramol.com\/index.php?rest_route=\/wp\/v2\/product\/5811","targetHints":{"allow":["GET"]}}],"collection":[{"href":"https:\/\/tiramol.com\/index.php?rest_route=\/wp\/v2\/product"}],"about":[{"href":"https:\/\/tiramol.com\/index.php?rest_route=\/wp\/v2\/types\/product"}],"wp:featuredmedia":[{"embeddable":true,"href":"https:\/\/tiramol.com\/index.php?rest_route=\/wp\/v2\/media\/5813"}],"wp:attachment":[{"href":"https:\/\/tiramol.com\/index.php?rest_route=%2Fwp%2Fv2%2Fmedia&parent=5811"}],"wp:term":[{"taxonomy":"product_brand","embeddable":true,"href":"https:\/\/tiramol.com\/index.php?rest_route=%2Fwp%2Fv2%2Fproduct_brand&post=5811"},{"taxonomy":"product_cat","embeddable":true,"href":"https:\/\/tiramol.com\/index.php?rest_route=%2Fwp%2Fv2%2Fproduct_cat&post=5811"},{"taxonomy":"product_tag","embeddable":true,"href":"https:\/\/tiramol.com\/index.php?rest_route=%2Fwp%2Fv2%2Fproduct_tag&post=5811"}],"curies":[{"name":"wp","href":"https:\/\/api.w.org\/{rel}","templated":true}]}}