{"id":5744,"date":"2026-01-27T17:27:15","date_gmt":"2026-01-27T17:27:15","guid":{"rendered":"https:\/\/tiramol.com\/?post_type=product&#038;p=5744"},"modified":"2026-01-27T18:18:57","modified_gmt":"2026-01-27T18:18:57","slug":"issa-jeans","status":"publish","type":"product","link":"https:\/\/tiramol.com\/?product=issa-jeans","title":{"rendered":"ISSA JEANS"},"content":{"rendered":"<p>Brand: LAISLA BY LEA ILI\u0106<br \/>\n\u0160ifra artikla: LAISLA 078<br \/>\nArtikal: hla\u010de<br \/>\nMaterijal: 20% pamuk, 80% elastin<br \/>\nVeli\u010dina: M <\/p>\n<p>Model je visine 173cm, nosi veli\u010dinu M<\/p>\n","protected":false},"excerpt":{"rendered":"<p>Brand: LAISLA BY LEA ILI\u0106 \u0160ifra artikla: LAISLA 078 Artikal: hla\u010de Materijal: 20% pamuk, 80% elastin Veli\u010dina: M Model je visine 173cm, nosi veli\u010dinu M<\/p>\n","protected":false},"featured_media":5734,"template":"","meta":[],"product_brand":[],"product_cat":[70,69],"product_tag":[95,74,105,72,107,332,17,86],"class_list":{"0":"post-5744","1":"product","2":"type-product","3":"status-publish","4":"has-post-thumbnail","6":"product_cat-hlace","7":"product_cat-issa-by-lea-ilic","8":"product_tag-zadar","9":"product_tag-hlace","10":"product_tag-hrvatski-dizajn","11":"product_tag-issa","12":"product_tag-jeans","13":"product_tag-laisla-by-lea-ilic","14":"product_tag-tiramol","15":"product_tag-tiramol-hr","17":"first","18":"instock","19":"taxable","20":"shipping-taxable","21":"purchasable","22":"product-type-simple"},"_links":{"self":[{"href":"https:\/\/tiramol.com\/index.php?rest_route=\/wp\/v2\/product\/5744","targetHints":{"allow":["GET"]}}],"collection":[{"href":"https:\/\/tiramol.com\/index.php?rest_route=\/wp\/v2\/product"}],"about":[{"href":"https:\/\/tiramol.com\/index.php?rest_route=\/wp\/v2\/types\/product"}],"wp:featuredmedia":[{"embeddable":true,"href":"https:\/\/tiramol.com\/index.php?rest_route=\/wp\/v2\/media\/5734"}],"wp:attachment":[{"href":"https:\/\/tiramol.com\/index.php?rest_route=%2Fwp%2Fv2%2Fmedia&parent=5744"}],"wp:term":[{"taxonomy":"product_brand","embeddable":true,"href":"https:\/\/tiramol.com\/index.php?rest_route=%2Fwp%2Fv2%2Fproduct_brand&post=5744"},{"taxonomy":"product_cat","embeddable":true,"href":"https:\/\/tiramol.com\/index.php?rest_route=%2Fwp%2Fv2%2Fproduct_cat&post=5744"},{"taxonomy":"product_tag","embeddable":true,"href":"https:\/\/tiramol.com\/index.php?rest_route=%2Fwp%2Fv2%2Fproduct_tag&post=5744"}],"curies":[{"name":"wp","href":"https:\/\/api.w.org\/{rel}","templated":true}]}}